{"id":12396,"date":"2020-09-02T15:31:19","date_gmt":"2020-09-02T19:31:19","guid":{"rendered":"https:\/\/www.blackdiamondnet.com\/services\/merci-de-votre-attention\/"},"modified":"2024-01-11T09:18:48","modified_gmt":"2024-01-11T14:18:48","slug":"merci-de-votre-attention","status":"publish","type":"page","link":"https:\/\/www.blackdiamondnet.com\/fr\/services\/merci-de-votre-attention\/","title":{"rendered":"Merci de votre attention"},"content":{"rendered":"\t\t<div data-elementor-type=\"wp-page\" data-elementor-id=\"12396\" class=\"elementor elementor-12396 elementor-402\" data-elementor-post-type=\"page\">\n\t\t\t\t\t\t<section data-particle_enable=\"false\" data-particle-mobile-disabled=\"false\" class=\"elementor-section elementor-top-section elementor-element elementor-element-3048d58 elementor-section-height-min-height elementor-section-items-top elementor-section-boxed elementor-section-height-default\" data-id=\"3048d58\" data-element_type=\"section\" data-e-type=\"section\">\n\t\t\t\t\t\t<div class=\"elementor-container elementor-column-gap-default\">\n\t\t\t\t\t<div class=\"elementor-column elementor-col-100 elementor-top-column elementor-element elementor-element-7aaa0d0\" data-id=\"7aaa0d0\" data-element_type=\"column\" data-e-type=\"column\">\n\t\t\t<div class=\"elementor-widget-wrap elementor-element-populated\">\n\t\t\t\t\t\t<div class=\"elementor-element elementor-element-bd5975e elementor-widget elementor-widget-text-editor\" data-id=\"bd5975e\" data-element_type=\"widget\" data-e-type=\"widget\" data-widget_type=\"text-editor.default\">\n\t\t\t\t<div class=\"elementor-widget-container\">\n\t\t\t\t\t\t\t\t\t<p style=\"text-align: center;\">Nous vous remercions de l&rsquo;int\u00e9r\u00eat que vous portez \u00e0 Black Diamond Networks<\/p>\n<p style=\"text-align: center;\">Nous avons re\u00e7u votre demande.<\/p>\n<p style=\"text-align: center;\">Nous appr\u00e9cions l&rsquo;opportunit\u00e9 de devenir votre agence de recrutement de choix. L&rsquo;un de nos charg\u00e9s de client\u00e8le prendra contact avec vous dans les plus brefs d\u00e9lais. Si vous avez des questions suppl\u00e9mentaires, veuillez nous contacter \u00e0 l&rsquo;adresse suivante : <a href=\"mailto:info@blackdiamondnet.com\">info@blackdiamondnet.com<\/a><\/p>\n\t\t\t\t\t\t\t\t<\/div>\n\t\t\t\t<\/div>\n\t\t\t\t\t<\/div>\n\t\t<\/div>\n\t\t\t\t\t<\/div>\n\t\t<\/section>\n\t\t\t\t<\/div>\n\t\t","protected":false},"excerpt":{"rendered":"<p>Nous vous remercions de l&rsquo;int\u00e9r\u00eat que vous portez \u00e0 Black Diamond Networks Nous avons re\u00e7u votre demande. Nous appr\u00e9cions l&rsquo;opportunit\u00e9 de devenir votre agence de recrutement de choix. L&rsquo;un de nos charg\u00e9s de client\u00e8le prendra contact avec vous dans les plus brefs d\u00e9lais. Si vous avez des questions suppl\u00e9mentaires, veuillez nous contacter \u00e0 l&rsquo;adresse suivante [&hellip;]<\/p>\n","protected":false},"author":3,"featured_media":0,"parent":12386,"menu_order":0,"comment_status":"closed","ping_status":"closed","template":"","meta":{"_acf_changed":false,"footnotes":""},"class_list":["post-12396","page","type-page","status-publish","hentry"],"acf":[],"publishpress_future_workflow_manual_trigger":{"enabledWorkflows":[]},"_links":{"self":[{"href":"https:\/\/www.blackdiamondnet.com\/fr\/wp-json\/wp\/v2\/pages\/12396","targetHints":{"allow":["GET"]}}],"collection":[{"href":"https:\/\/www.blackdiamondnet.com\/fr\/wp-json\/wp\/v2\/pages"}],"about":[{"href":"https:\/\/www.blackdiamondnet.com\/fr\/wp-json\/wp\/v2\/types\/page"}],"author":[{"embeddable":true,"href":"https:\/\/www.blackdiamondnet.com\/fr\/wp-json\/wp\/v2\/users\/3"}],"replies":[{"embeddable":true,"href":"https:\/\/www.blackdiamondnet.com\/fr\/wp-json\/wp\/v2\/comments?post=12396"}],"version-history":[{"count":0,"href":"https:\/\/www.blackdiamondnet.com\/fr\/wp-json\/wp\/v2\/pages\/12396\/revisions"}],"up":[{"embeddable":true,"href":"https:\/\/www.blackdiamondnet.com\/fr\/wp-json\/wp\/v2\/pages\/12386"}],"wp:attachment":[{"href":"https:\/\/www.blackdiamondnet.com\/fr\/wp-json\/wp\/v2\/media?parent=12396"}],"curies":[{"name":"wp","href":"https:\/\/api.w.org\/{rel}","templated":true}]}}