{"id":12420,"date":"2020-09-03T15:33:49","date_gmt":"2020-09-03T19:33:49","guid":{"rendered":"https:\/\/www.blackdiamondnet.com\/dankeschoen-4\/"},"modified":"2024-01-11T09:18:34","modified_gmt":"2024-01-11T14:18:34","slug":"dankeschoen-4","status":"publish","type":"page","link":"https:\/\/www.blackdiamondnet.com\/de\/dankeschoen-4\/","title":{"rendered":"Dankesch\u00f6n"},"content":{"rendered":"\t\t<div data-elementor-type=\"wp-page\" data-elementor-id=\"12420\" class=\"elementor elementor-12420 elementor-466\" data-elementor-post-type=\"page\">\n\t\t\t\t\t\t<section data-particle_enable=\"false\" data-particle-mobile-disabled=\"false\" class=\"elementor-section elementor-top-section elementor-element elementor-element-3048d58 elementor-section-height-min-height elementor-section-items-top elementor-section-boxed elementor-section-height-default\" data-id=\"3048d58\" data-element_type=\"section\" data-e-type=\"section\">\n\t\t\t\t\t\t<div class=\"elementor-container elementor-column-gap-default\">\n\t\t\t\t\t<div class=\"elementor-column elementor-col-100 elementor-top-column elementor-element elementor-element-7aaa0d0\" data-id=\"7aaa0d0\" data-element_type=\"column\" data-e-type=\"column\">\n\t\t\t<div class=\"elementor-widget-wrap elementor-element-populated\">\n\t\t\t\t\t\t<div class=\"elementor-element elementor-element-bd5975e elementor-widget elementor-widget-text-editor\" data-id=\"bd5975e\" data-element_type=\"widget\" data-e-type=\"widget\" data-widget_type=\"text-editor.default\">\n\t\t\t\t<div class=\"elementor-widget-container\">\n\t\t\t\t\t\t\t\t\t<p style=\"text-align: center;\">Vielen Dank f\u00fcr Ihr Interesse an Black Diamond Networks<\/p>\n<p style=\"text-align: center;\">Wir haben Ihren Beitrag erhalten.<\/p>\n<p style=\"text-align: center;\">Wir freuen uns \u00fcber die Gelegenheit, Ihr bevorzugter Personalvermittler zu werden. Einer unserer Kundenbetreuer wird sich in K\u00fcrze mit Ihnen in Verbindung setzen. Wenn Sie weitere Fragen haben, wenden Sie sich bitte an uns:&nbsp;<a href=\"mailto:info@blackdiamondnet.com\">info@blackdiamondnet.com<\/a><\/p>\t\t\t\t\t\t\t\t<\/div>\n\t\t\t\t<\/div>\n\t\t\t\t\t<\/div>\n\t\t<\/div>\n\t\t\t\t\t<\/div>\n\t\t<\/section>\n\t\t\t\t<\/div>\n\t\t","protected":false},"excerpt":{"rendered":"<p>Vielen Dank f\u00fcr Ihr Interesse an Black Diamond Networks Wir haben Ihren Beitrag erhalten. Wir freuen uns \u00fcber die Gelegenheit, Ihr bevorzugter Personalvermittler zu werden. Einer unserer Kundenbetreuer wird sich in K\u00fcrze mit Ihnen in Verbindung setzen. Wenn Sie weitere Fragen haben, wenden Sie sich bitte an uns:&nbsp;info@blackdiamondnet.com<\/p>\n","protected":false},"author":3,"featured_media":0,"parent":12443,"menu_order":0,"comment_status":"closed","ping_status":"closed","template":"","meta":{"_acf_changed":false,"footnotes":""},"class_list":["post-12420","page","type-page","status-publish","hentry"],"acf":[],"publishpress_future_workflow_manual_trigger":{"enabledWorkflows":[]},"_links":{"self":[{"href":"https:\/\/www.blackdiamondnet.com\/de\/wp-json\/wp\/v2\/pages\/12420","targetHints":{"allow":["GET"]}}],"collection":[{"href":"https:\/\/www.blackdiamondnet.com\/de\/wp-json\/wp\/v2\/pages"}],"about":[{"href":"https:\/\/www.blackdiamondnet.com\/de\/wp-json\/wp\/v2\/types\/page"}],"author":[{"embeddable":true,"href":"https:\/\/www.blackdiamondnet.com\/de\/wp-json\/wp\/v2\/users\/3"}],"replies":[{"embeddable":true,"href":"https:\/\/www.blackdiamondnet.com\/de\/wp-json\/wp\/v2\/comments?post=12420"}],"version-history":[{"count":0,"href":"https:\/\/www.blackdiamondnet.com\/de\/wp-json\/wp\/v2\/pages\/12420\/revisions"}],"up":[{"embeddable":true,"href":"https:\/\/www.blackdiamondnet.com\/de\/wp-json\/wp\/v2\/pages\/12443"}],"wp:attachment":[{"href":"https:\/\/www.blackdiamondnet.com\/de\/wp-json\/wp\/v2\/media?parent=12420"}],"curies":[{"name":"wp","href":"https:\/\/api.w.org\/{rel}","templated":true}]}}